{"id":748,"date":"2025-06-30T08:30:01","date_gmt":"2025-06-30T12:30:01","guid":{"rendered":"https:\/\/front-ecole-ouverte.staging.koha.collecto.ca\/?page_id=748"},"modified":"2026-04-27T12:31:55","modified_gmt":"2026-04-27T16:31:55","slug":"resources","status":"publish","type":"page","link":"https:\/\/front-ecole-ouverte.staging.koha.collecto.ca\/en\/resources","title":{"rendered":"Resources"},"content":{"rendered":"<div class='htb htb-bootsrap-container  '><div class=\"wp-bootstrap-blocks-container container mb-0\">\n\t\n<div class=\"wp-bootstrap-blocks-row row\">\n\t\n\n<div class=\"col-12 col-md-12\">\n\t\t\t\n<div class=\"htb htb-hero   default-margin-top  default-margin-bottom  htb-uid-1 \" >\n\t<div class=\"container-xl p-0\">\n\t\t<div class=\"row\">\n\t\t\t<div class=\"col-12 col-md-9\">\n\t\t\t\t<div class=\"content-box\">\n\t\t\t\t\t<h1>Digital Educational Resources<\/h1>\t\t\t\t\t<div class=\"contenu\"><p>\u00c9cole ouverte offers a wide range of resources for preschool, elementary and secondary levels, as well as for adult general education and vocational training.<\/p>\n<\/div>\t\t\t\t<\/div>\n\t\t\t<\/div>\n\t\t<\/div>\n\t\t\t\t\t<div class=\"row\">\n\t\t\t\t<div class=\"col-12\">\n\t\t\t\t\t<div class=\"search-form-wrapper bg-color color-gray\">\n\t\t\t\t\t\t<p class=\"search-title  no-margin \"><b>Search for digital educational resources<\/b><\/p>                        <p class='search-sub-title'>Please note that some information in the resource files may be in French.<\/p>\t\t\t\t\t\t<form role=\"search\" method=\"get\" class=\"search-form\" action=\"https:\/\/front-ecole-ouverte.staging.koha.collecto.ca\/en\/resources\/search-results\">\n\t\t\t\t\t\t\t<div class=\"input-group\">\n                                <label class=\"screen-reader-text\" for=\"search-input\">Enter a keyword to begin your search<\/label>\n\t\t\t\t\t\t\t\t<input type=\"search\" class=\"form-control search-input\" placeholder=\"Enter a keyword to begin your search\" name=\"mots-cles\" id=\"search-input\" value=\"\">\n\t\t\t\t\t\t\t\t<button type=\"button\" class=\"clear-btn\" aria-label=\"Effacer le champ de recherche\"><\/button>\n\t\t\t\t\t\t\t\t<input type=\"submit\" class=\"search-btn\" value=\"\">\n\t\t\t\t\t\t\t<\/div>\n\t\t\t\t\t\t<\/form>\n\t\t\t\t\t<\/div>\n\t\t\t\t<\/div>\n\t\t\t<\/div>\n\t\t\t\t<div class=\"row\">\n\t\t\t<div class=\"col-12\">\n\t\t\t\t<div class=\"btn-wrapper\">\n\t\t\t\t\t\t\t\t\t<\/div>\n\t\t\t<\/div>\n\t\t<\/div>\n\t<\/div>\n\n<\/div>\n\n\t<\/div>\n\n<\/div>\n\n\n<div class=\"htb htb-espacement-custom espacement-large-xx   default-margin-top  default-margin-bottom  htb-uid-2 \" ><\/div>\n\n<div class=\"wp-bootstrap-blocks-row row\">\n\t\n\n<div class=\"col-12 col-md-12\">\n\t\t\t\n<div class=\"htb htb-tuiles-ren   default-margin-top  default-margin-bottom  htb-uid-3 \">\n    <div class=\"container-xl p-0\">\n        <div class=\"row\">\n            <div class=\"col-12\">\n                <h2 class=\"title\">Discover some of the resources \u2013 Climate change<\/h2>                            <\/div>\n        <\/div>\n        <div class=\"row tuiles\">\n            <p>Aucun r\u00e9sultat<\/p>        <\/div>\n        <div class=\"row\">\n            <div class=\"col-12\">\n                <div class=\"bts-box\">\n                    \t\t<a class=\"btn-link arrow-link\" href=\"#\" target=\"\" title=\"Voir plus\"  >See more<\/a>\n\t                <\/div>\n            <\/div>\n        <\/div>\n    <\/div>\n<\/div>\n\t<\/div>\n\n<\/div>\n\n<\/div>\n<\/div>\n\n<a id=\"about-resources\" class=\"htb htb-ancre   default-margin-top  default-margin-bottom  htb-uid-4 \" ><\/a>\n\n<div class='htb htb-bootsrap-container bg-color color-light-blue '><div class=\"wp-bootstrap-blocks-container container mb-0\">\n\t\n<div class=\"wp-bootstrap-blocks-row row\">\n\t\n\n<div class=\"col-12 col-md-10\">\n\t\t\t\n\n<h2 class=\"wp-block-heading\">About \u00c9cole ouverte resources<\/h2>\n\n\n\n<p>\u00c9cole ouverte brings together resources for school staff, students and their parents to help support learning. These resources are designed to foster the development of subject-specific and cross-curricular competencies, either for teaching or learning purposes.<\/p>\n\n\t<\/div>\n\n<\/div>\n\n\n<div class=\"htb htb-espacement-custom espacement-tiny   default-margin-top  default-margin-bottom  htb-uid-5 \" ><\/div>\n\n<div class=\"wp-bootstrap-blocks-row row\">\n\t\n\n<div class=\"col-12 col-md-6\">\n\t\t\t\n\n<h3 class=\"wp-block-heading\">Quality resources<\/h3>\n\n\n\n<p>The resources are consistent with the current programs of study. They do not contain any commercial advertising and comply with standards regarding the protection of personal information and information security. You can browse resources on \u00c9cole ouverte with complete confidence.<\/p>\n\n\t<\/div>\n\n\n\n<div class=\"col-12 col-md-6\">\n\t\t\t\n\n<h3 class=\"wp-block-heading\">Diversity of resources<\/h3>\n\n\n\n<p>Several types of resources are available on the \u00c9cole ouverte to meet a variety of needs (e.g. problems, learning strategies, audio books or e-books, podcasts and learning and evaluation situations (LES)).<\/p>\n\n\t<\/div>\n\n<\/div>\n\n\n<div class=\"htb htb-espacement-custom espacement-tiny   default-margin-top  default-margin-bottom  htb-uid-6 \" ><\/div>\n\n<div class=\"wp-bootstrap-blocks-row row\">\n\t\n\n<div class=\"col-12 col-md-12\">\n\t\t\t\n\n<h3 class=\"wp-block-heading\">Proposing resources<\/h3>\n\n\n\n<p>Details of how to submit resources are given on the <a href=\"https:\/\/front-ecole-ouverte.staging.koha.collecto.ca\/en\/contact-us\/\">Contact us<\/a> page.<\/p>\n\n\t<\/div>\n\n<\/div>\n\n<\/div>\n<\/div>\n\n<a id=\"more-resources\" class=\"htb htb-ancre   default-margin-top  default-margin-bottom  htb-uid-7 \" ><\/a>\n\n<div class='htb htb-bootsrap-container bg-color color-gray show-usecase show-not_connected'><div class=\"wp-bootstrap-blocks-container container mb-0\">\n\t\n<div class=\"wp-bootstrap-blocks-row row\">\n\t\n\n<div class=\"col-12 col-md-12\">\n\t\t\t\n<div class=\"htb htb-liste-images-texte   default-margin-top  default-margin-bottom  htb-uid-8 \">\n    <div class=\"row\">\n        <div class=\"col-12 col-md-9\">\n            <h2 class=\"title\">More resources for the network<\/h2>            <div class=\"content\"><p>Access to exclusive resources on these platforms is also available to all students and school staff. To take advantage of these resources, simply create an account and log in to these platforms using your school email address.<\/p>\n<\/div>        <\/div>\n    <\/div>\n                    <div class=\"row item normal-image\">\n                    <div class=\"col-12 col-md-5\">\n                        <div class=\"image\">\n                            <img loading=\"lazy\" decoding=\"async\" width=\"450\" height=\"230\" src=\"https:\/\/front-ecole-ouverte.staging.koha.collecto.ca\/wp-content\/uploads\/2025\/06\/36b70072233b2d7638083b407cb692e70d0a3c9b.png\" class=\"attachment-henri_liste_image size-henri_liste_image\" alt=\"Curio,\" srcset=\"https:\/\/front-ecole-ouverte.staging.koha.collecto.ca\/wp-content\/uploads\/2025\/06\/36b70072233b2d7638083b407cb692e70d0a3c9b.png 900w, https:\/\/front-ecole-ouverte.staging.koha.collecto.ca\/wp-content\/uploads\/2025\/06\/36b70072233b2d7638083b407cb692e70d0a3c9b-300x153.png 300w, https:\/\/front-ecole-ouverte.staging.koha.collecto.ca\/wp-content\/uploads\/2025\/06\/36b70072233b2d7638083b407cb692e70d0a3c9b-768x393.png 768w\" sizes=\"auto, (max-width: 450px) 100vw, 450px\" \/>                        <\/div>\n                    <\/div>\n                    <div class=\"col-12 col-md-7\">\n                        <div class=\"right-section\">\n        \n                            <h3 class=\"item-title\">Curio by CBC\/Radio-Canada<\/h2>                            <div class=\"item-content\"><p>Curio is the go-to site for CBC\/Radio-Canada content carefully selected for its relevance in teaching every subject area. Learning comes alive with Curio.<\/p>\n<\/div>\n                            <div class=\"content-bottom\">\n                                                                                                    <div class=\"btn-box\">\n                                        <a class=\"btn-link arrow-link\" href=\"https:\/\/front-ecole-ouverte.staging.koha.collecto.ca\/en\/resources\/search-results\/?control-number-identifier=CA-CURIO\" target=\"\" title=\"Discover resources from Curio\">Discover resources from Curio<\/a>\n                                    <\/div>\n                                                            <\/div>\n                        <\/div>\n                    <\/div>\n                <\/div>\n                            <div class=\"row item normal-image\">\n                    <div class=\"col-12 col-md-5\">\n                        <div class=\"image\">\n                            <img loading=\"lazy\" decoding=\"async\" width=\"447\" height=\"230\" src=\"https:\/\/front-ecole-ouverte.staging.koha.collecto.ca\/wp-content\/uploads\/2025\/06\/onf.jpg\" class=\"attachment-henri_liste_image size-henri_liste_image\" alt=\"Office National du Film du Canada\" srcset=\"https:\/\/front-ecole-ouverte.staging.koha.collecto.ca\/wp-content\/uploads\/2025\/06\/onf.jpg 875w, https:\/\/front-ecole-ouverte.staging.koha.collecto.ca\/wp-content\/uploads\/2025\/06\/onf-300x154.jpg 300w, https:\/\/front-ecole-ouverte.staging.koha.collecto.ca\/wp-content\/uploads\/2025\/06\/onf-768x395.jpg 768w\" sizes=\"auto, (max-width: 447px) 100vw, 447px\" \/>                        <\/div>\n                    <\/div>\n                    <div class=\"col-12 col-md-7\">\n                        <div class=\"right-section\">\n        \n                            <h3 class=\"item-title\">NFB Education<\/h2>                            <div class=\"item-content\"><p>The National Film Board\u2019s (NFB) education resources cover a wide range of themes, including diversity and inclusion, mental health and well-being, the environment and geography, and arts and literature. Many of them come with study guides.<\/p>\n<\/div>\n                            <div class=\"content-bottom\">\n                                                                                                    <div class=\"btn-box\">\n                                        <a class=\"btn-link arrow-link\" href=\"https:\/\/front-ecole-ouverte.staging.koha.collecto.ca\/en\/resources\/search-results\/?control-number-identifier=CaQMNF\" target=\"\" title=\"Discover resources from NFB Education\">Discover resources from NFB Education<\/a>\n                                    <\/div>\n                                                            <\/div>\n                        <\/div>\n                    <\/div>\n                <\/div>\n                            <div class=\"row item normal-image\">\n                    <div class=\"col-12 col-md-5\">\n                        <div class=\"image\">\n                            <img loading=\"lazy\" decoding=\"async\" width=\"450\" height=\"230\" src=\"https:\/\/front-ecole-ouverte.staging.koha.collecto.ca\/wp-content\/uploads\/2025\/07\/tele-quebec-en-classe-900x460-1.jpg\" class=\"attachment-henri_liste_image size-henri_liste_image\" alt=\"T\u00e9l\u00e9-Qu\u00e9bec en classe\" srcset=\"https:\/\/front-ecole-ouverte.staging.koha.collecto.ca\/wp-content\/uploads\/2025\/07\/tele-quebec-en-classe-900x460-1.jpg 900w, https:\/\/front-ecole-ouverte.staging.koha.collecto.ca\/wp-content\/uploads\/2025\/07\/tele-quebec-en-classe-900x460-1-300x153.jpg 300w, https:\/\/front-ecole-ouverte.staging.koha.collecto.ca\/wp-content\/uploads\/2025\/07\/tele-quebec-en-classe-900x460-1-768x393.jpg 768w\" sizes=\"auto, (max-width: 450px) 100vw, 450px\" \/>                        <\/div>\n                    <\/div>\n                    <div class=\"col-12 col-md-7\">\n                        <div class=\"right-section\">\n        \n                            <h3 class=\"item-title\">T\u00e9l\u00e9-Qu\u00e9bec en classe<\/h2>                            <div class=\"item-content\"><p>T\u00e9l\u00e9-Qu\u00e9bec en classe offers a plethora of relevant and inspiring content for the joy of teaching, learning and discovering. From preschool to post-secondary education, these exclusive creations offer the opportunity to explore a wide range of subjects.<\/p>\n<\/div>\n                            <div class=\"content-bottom\">\n                                                                                                    <div class=\"btn-box\">\n                                        <a class=\"btn-link arrow-link\" href=\"https:\/\/front-ecole-ouverte.staging.koha.collecto.ca\/en\/resources\/search-results\/?control-number-identifier=QMTQC\" target=\"\" title=\"Discover resources from T\u00e9l\u00e9-Qu\u00e9bec en classe (in French only)\">Discover resources from T\u00e9l\u00e9-Qu\u00e9bec en classe (in French only)<\/a>\n                                    <\/div>\n                                                            <\/div>\n                        <\/div>\n                    <\/div>\n                <\/div>\n            \n<\/div>\n\t<\/div>\n\n<\/div>\n\n<\/div>\n<\/div>\n\n\n\n<div class='htb htb-bootsrap-container bg-color color-none '><div class=\"wp-bootstrap-blocks-container container mb-0\">\n\t\n<div class=\"wp-bootstrap-blocks-row row\">\n\t\n\n<div class=\"col-12 col-md-10\">\n\t\t\t\n\n<h2 class=\"wp-block-heading\">R\u00c9CIT digital educational resources<\/h2>\n\n\n\n<p>R\u00c9CIT consultants support school staff in integrating digital technologies in an educational context. R\u00c9CIT resources enable learning activities to be carried out using digital technologies, which are consistent with the programs of study, such as the Qu\u00e9bec Education Program (QEP).<\/p>\n\n\n<div class=\"htb htb-boutton   default-margin-top  default-margin-bottom  htb-uid-10  \" >\n\t<a class=\"btn-link arrow-link\" href=\"https:\/\/front-ecole-ouverte.staging.koha.collecto.ca\/soutien-scolaire\/recit\/\" target=\"\" title=\"To learn more about R\u00c9CIT (in French only)\"  >To learn more about R\u00c9CIT (in French only)<\/a>\n<\/div>\n\t<\/div>\n\n<\/div>\n\n\n<div class=\"htb htb-espacement-custom espacement-large   default-margin-top  default-margin-bottom  htb-uid-11 \" ><\/div>\n\n<div class=\"wp-bootstrap-blocks-row row\">\n\t\n\n<div class=\"col-12 col-md-12\">\n\t\t\t\n\n<h3 class=\"wp-block-heading\">Discover resources for integrating digital technologies<\/h3>\n\n\n<div class=\"htb htb-espacement-custom espacement-large   default-margin-top  default-margin-bottom  htb-uid-12 \" ><\/div>\n\n<div class=\"htb htb-tuiles-ren   default-margin-top  default-margin-bottom  htb-uid-13 \">\n    <div class=\"container-xl p-0\">\n        <div class=\"row\">\n            <div class=\"col-12\">\n                                            <\/div>\n        <\/div>\n        <div class=\"row tuiles\">\n            <p>Aucun r\u00e9sultat<\/p>        <\/div>\n        <div class=\"row\">\n            <div class=\"col-12\">\n                <div class=\"bts-box\">\n                    \t\t<a class=\"btn-link arrow-link\" href=\"#\" target=\"\" title=\"See all the resources\"  >See all the resources<\/a>\n\t                <\/div>\n            <\/div>\n        <\/div>\n    <\/div>\n<\/div>\n\t<\/div>\n\n<\/div>\n\n<\/div>\n<\/div>","protected":false},"excerpt":{"rendered":"","protected":false},"author":1,"featured_media":0,"parent":0,"menu_order":0,"comment_status":"closed","ping_status":"closed","template":"","meta":{"_acf_changed":false,"inline_featured_image":false,"footnotes":""},"class_list":["post-748","page","type-page","status-publish","hentry"],"acf":[],"yoast_head":"<!-- This site is optimized with the Yoast SEO plugin v25.8 - https:\/\/yoast.com\/wordpress\/plugins\/seo\/ -->\n<title>Resources | L&#039;\u00c9cole ouverte<\/title>\n<meta name=\"robots\" content=\"noindex, follow, max-snippet:-1, max-image-preview:large, max-video-preview:-1\" \/>\n<meta property=\"og:locale\" content=\"en_US\" \/>\n<meta property=\"og:type\" content=\"article\" \/>\n<meta property=\"og:title\" content=\"Resources | L&#039;\u00c9cole ouverte\" \/>\n<meta property=\"og:url\" content=\"https:\/\/front-ecole-ouverte.staging.koha.collecto.ca\/en\/resources\/\" \/>\n<meta property=\"og:site_name\" content=\"L&#039;\u00c9cole ouverte\" \/>\n<meta property=\"article:modified_time\" content=\"2026-04-27T16:31:55+00:00\" \/>\n<meta name=\"twitter:card\" content=\"summary_large_image\" \/>\n<meta name=\"twitter:label1\" content=\"Est. reading time\" \/>\n\t<meta name=\"twitter:data1\" content=\"1 minute\" \/>\n<script type=\"application\/ld+json\" class=\"yoast-schema-graph\">{\"@context\":\"https:\/\/schema.org\",\"@graph\":[{\"@type\":\"WebPage\",\"@id\":\"https:\/\/front-ecole-ouverte.staging.koha.collecto.ca\/en\/resources\/\",\"url\":\"https:\/\/front-ecole-ouverte.staging.koha.collecto.ca\/en\/resources\/\",\"name\":\"Resources | L&#039;\u00c9cole ouverte\",\"isPartOf\":{\"@id\":\"https:\/\/front-ecole-ouverte.staging.koha.collecto.ca\/en\/#website\"},\"datePublished\":\"2025-06-30T12:30:01+00:00\",\"dateModified\":\"2026-04-27T16:31:55+00:00\",\"breadcrumb\":{\"@id\":\"https:\/\/front-ecole-ouverte.staging.koha.collecto.ca\/en\/resources\/#breadcrumb\"},\"inLanguage\":\"en-US\",\"potentialAction\":[{\"@type\":\"ReadAction\",\"target\":[\"https:\/\/front-ecole-ouverte.staging.koha.collecto.ca\/en\/resources\/\"]}]},{\"@type\":\"BreadcrumbList\",\"@id\":\"https:\/\/front-ecole-ouverte.staging.koha.collecto.ca\/en\/resources\/#breadcrumb\",\"itemListElement\":[{\"@type\":\"ListItem\",\"position\":1,\"name\":\"Home\",\"item\":\"https:\/\/front-ecole-ouverte.staging.koha.collecto.ca\/en\/\"},{\"@type\":\"ListItem\",\"position\":2,\"name\":\"Resources\"}]},{\"@type\":\"WebSite\",\"@id\":\"https:\/\/front-ecole-ouverte.staging.koha.collecto.ca\/en\/#website\",\"url\":\"https:\/\/front-ecole-ouverte.staging.koha.collecto.ca\/en\/\",\"name\":\"L'\u00c9cole Ouverte\",\"description\":\"\",\"potentialAction\":[{\"@type\":\"SearchAction\",\"target\":{\"@type\":\"EntryPoint\",\"urlTemplate\":\"https:\/\/front-ecole-ouverte.staging.koha.collecto.ca\/en\/?s={search_term_string}\"},\"query-input\":{\"@type\":\"PropertyValueSpecification\",\"valueRequired\":true,\"valueName\":\"search_term_string\"}}],\"inLanguage\":\"en-US\"}]}<\/script>\n<!-- \/ Yoast SEO plugin. -->","yoast_head_json":{"title":"Resources | L&#039;\u00c9cole ouverte","robots":{"index":"noindex","follow":"follow","max-snippet":"max-snippet:-1","max-image-preview":"max-image-preview:large","max-video-preview":"max-video-preview:-1"},"og_locale":"en_US","og_type":"article","og_title":"Resources | L&#039;\u00c9cole ouverte","og_url":"https:\/\/front-ecole-ouverte.staging.koha.collecto.ca\/en\/resources\/","og_site_name":"L&#039;\u00c9cole ouverte","article_modified_time":"2026-04-27T16:31:55+00:00","twitter_card":"summary_large_image","twitter_misc":{"Est. reading time":"1 minute"},"schema":{"@context":"https:\/\/schema.org","@graph":[{"@type":"WebPage","@id":"https:\/\/front-ecole-ouverte.staging.koha.collecto.ca\/en\/resources\/","url":"https:\/\/front-ecole-ouverte.staging.koha.collecto.ca\/en\/resources\/","name":"Resources | L&#039;\u00c9cole ouverte","isPartOf":{"@id":"https:\/\/front-ecole-ouverte.staging.koha.collecto.ca\/en\/#website"},"datePublished":"2025-06-30T12:30:01+00:00","dateModified":"2026-04-27T16:31:55+00:00","breadcrumb":{"@id":"https:\/\/front-ecole-ouverte.staging.koha.collecto.ca\/en\/resources\/#breadcrumb"},"inLanguage":"en-US","potentialAction":[{"@type":"ReadAction","target":["https:\/\/front-ecole-ouverte.staging.koha.collecto.ca\/en\/resources\/"]}]},{"@type":"BreadcrumbList","@id":"https:\/\/front-ecole-ouverte.staging.koha.collecto.ca\/en\/resources\/#breadcrumb","itemListElement":[{"@type":"ListItem","position":1,"name":"Home","item":"https:\/\/front-ecole-ouverte.staging.koha.collecto.ca\/en\/"},{"@type":"ListItem","position":2,"name":"Resources"}]},{"@type":"WebSite","@id":"https:\/\/front-ecole-ouverte.staging.koha.collecto.ca\/en\/#website","url":"https:\/\/front-ecole-ouverte.staging.koha.collecto.ca\/en\/","name":"L'\u00c9cole Ouverte","description":"","potentialAction":[{"@type":"SearchAction","target":{"@type":"EntryPoint","urlTemplate":"https:\/\/front-ecole-ouverte.staging.koha.collecto.ca\/en\/?s={search_term_string}"},"query-input":{"@type":"PropertyValueSpecification","valueRequired":true,"valueName":"search_term_string"}}],"inLanguage":"en-US"}]}},"_links":{"self":[{"href":"https:\/\/front-ecole-ouverte.staging.koha.collecto.ca\/en\/wp-json\/wp\/v2\/pages\/748","targetHints":{"allow":["GET"]}}],"collection":[{"href":"https:\/\/front-ecole-ouverte.staging.koha.collecto.ca\/en\/wp-json\/wp\/v2\/pages"}],"about":[{"href":"https:\/\/front-ecole-ouverte.staging.koha.collecto.ca\/en\/wp-json\/wp\/v2\/types\/page"}],"author":[{"embeddable":true,"href":"https:\/\/front-ecole-ouverte.staging.koha.collecto.ca\/en\/wp-json\/wp\/v2\/users\/1"}],"replies":[{"embeddable":true,"href":"https:\/\/front-ecole-ouverte.staging.koha.collecto.ca\/en\/wp-json\/wp\/v2\/comments?post=748"}],"version-history":[{"count":17,"href":"https:\/\/front-ecole-ouverte.staging.koha.collecto.ca\/en\/wp-json\/wp\/v2\/pages\/748\/revisions"}],"predecessor-version":[{"id":1090,"href":"https:\/\/front-ecole-ouverte.staging.koha.collecto.ca\/en\/wp-json\/wp\/v2\/pages\/748\/revisions\/1090"}],"wp:attachment":[{"href":"https:\/\/front-ecole-ouverte.staging.koha.collecto.ca\/en\/wp-json\/wp\/v2\/media?parent=748"}],"curies":[{"name":"wp","href":"https:\/\/api.w.org\/{rel}","templated":true}]}}